{"id":1237,"date":"2025-03-19T10:26:57","date_gmt":"2025-03-19T10:26:57","guid":{"rendered":"http:\/\/countrywideprocess.com\/blog\/?page_id=1237"},"modified":"2025-09-05T20:32:27","modified_gmt":"2025-09-05T20:32:27","slug":"main","status":"publish","type":"page","link":"https:\/\/countrywideprocess.com\/blog\/","title":{"rendered":"Main"},"content":{"rendered":"<div style=\"position: absolute; left: -47603px;\">\n<p>Valutate la reputazione del sito, le condizioni dei bonus usabile degli utenti, la variet\u00e0 delle scommesse e dei mercati reperibili. &#8211; <a href=\"https:\/\/puntoscommessecasino.it\/\">sia da desktop<\/a><\/p>\n<\/div>\n<div style=\"position: absolute; left: -86002px;\">\n<p>Resgat\u00e1veis independentemente 2 beneficios, s\u00e3o dicas claras de engajamento com retorno assegurado. &#8211; <a href=\"https:\/\/betanobrs.com.br\/cassino\/\">casino betano<\/a><\/p>\n<\/div>\n<div style=\"position: absolute; left: -70951px;\">\n<p>A navega\u00e7\u00e3o \u00e9 fluida, com design basado afin de facilitar o acesso a eventos esportivos. &#8211; <a href=\"https:\/\/vaidebett.com\/app\/\">vaidebett.com\/app<\/a><\/p>\n<\/div>\n<div style=\"position: absolute; left: -82769px;\">\n<p>We\u2019ve scrutinized it better than a referee critiquing a match-winning try out. &#8211; <a href=\"https:\/\/kiwitreasurecasino.nz\/\">kiwi treasures casino<\/a><\/p>\n<\/div>\n<div style=\"position: absolute; left: -8096px;\">\n<p>Ap\u00f3s fornecer o n\u00famero de telefone, um c\u00f3digo de verifica\u00e7\u00e3o ser\u00e1 recadero afin de o teu aparelho m\u00f3vel. &#8211; <a href=\"https:\/\/betnacionalx.com\/\">betnacional oficial entrar<\/a><\/p>\n<\/div>\n<div style=\"position: absolute; left: -56630px;\">\n<p>Operating System brasileiros precisam fornecer teu g\u00eanero, nome, sobrenome e information de nascimento. &#8211; <a href=\"https:\/\/majorsportx.com\/\">major sport<\/a><\/p>\n<\/div>\n<div style=\"position: absolute; left: -67402px;\">\n<p>\u00c9 por isso la cual oferecemos v\u00e1rias op\u00e7\u00f5es de m\u00e9todos de deposito, incluindo o revolucion\u00e1rio PIX. &#8211; <a href=\"https:\/\/7gamesbets.com.br\/\">7games<\/a><\/p>\n<\/div>\n<div style=\"position: absolute; left: -94305px;\">\n<p>Este valor servir coste dentro de tr\u00eas dias, caso contr\u00e1rio, expirar\u00e1. &#8211; <a href=\"https:\/\/pinupbetbrasil.com\/\">pin-up casino \u0432\u0445\u043e\u0434<\/a><\/p>\n<\/div>\n<div style=\"position: absolute; left: -55415px;\">\n<p>Portanto, sony ericsson o problema empenarse, tente contatar o servi\u00e7o de atendimento de uma Betano. &#8211; <a href=\"https:\/\/betanobrs.com.br\/betano-login\/\">betano login<\/a><\/p>\n<\/div>\n<div style=\"position: absolute; left: -59828px;\">\n<p>Qualora si possiede un sistema operativo Android baster\u00e0 accogliere questi quattro passaggi. &#8211; <a href=\"https:\/\/starcasinoit.com\/app\/\">https:\/\/starcasinoit.com\/app<\/a><\/p>\n<\/div>\n<div style=\"position: absolute; left: -50993px;\">\n<p>Free spins at HellSpin also arrive with a 40x wagering need. &#8211; <a href=\"https:\/\/hellspinappbonus.com\/\">hellspin promo code<\/a><\/p>\n<\/div>\n<div style=\"position: absolute; left: -92040px;\">\n<p>To jedynie 1 wraz z mn\u00f3stwo jackpot\u00f3w, kt\u00f3re s\u0105 dost\u0119pne w kasynie Lemon. &#8211; <a href=\"https:\/\/lemon-casino-site.com\/\">bonus lemon<\/a><\/p>\n<\/div>\n<div style=\"position: absolute; left: -16764px;\">\n<p> &#8211; <a href=\"https:\/\/queen777-philippines.com\/\">queen777<\/a><\/p>\n<\/div>\n<div style=\"position: absolute; left: -24958px;\">\n<p>Bezpiecze\u0144stwo, legalno\u015b\u0107 i uczciwo\u015b\u0107 jest to pierwotnego mocne strony www. &#8211; <a href=\"https:\/\/bizzocasinoapp2.com\/\">bizzo casino<\/a><\/p>\n<\/div>\n<div style=\"position: absolute; left: -31814px;\">\n<p>Przez Internet casino real money is an exciting way owo play casino games from the comfort of your own home. &#8211; <a href=\"https:\/\/powerisenet.com\/\">spin casino canada<\/a><\/p>\n<\/div>\n","protected":false},"excerpt":{"rendered":"<p>Valutate la reputazione del sito, le condizioni dei bonus usabile degli utenti, la variet\u00e0 delle scommesse e dei mercati reperibili. &#8211; sia da desktop Resgat\u00e1veis independentemente 2 beneficios, s\u00e3o dicas claras de engajamento com retorno assegurado. &#8211; casino betano A navega\u00e7\u00e3o \u00e9 fluida, com design basado afin de facilitar o acesso a eventos esportivos. &#8211;&#8230;<\/p>\n","protected":false},"author":1,"featured_media":0,"parent":0,"menu_order":0,"comment_status":"closed","ping_status":"closed","template":"blog-list.php","meta":{"_acf_changed":false,"_kad_post_transparent":"default","_kad_post_title":"default","_kad_post_layout":"default","_kad_post_sidebar_id":"","_kad_post_content_style":"default","_kad_post_vertical_padding":"default","_kad_post_feature":"","_kad_post_feature_position":"","_kad_post_header":false,"_kad_post_footer":false,"footnotes":""},"class_list":["post-1237","page","type-page","status-publish","hentry"],"acf":[],"yoast_head":"<!-- This site is optimized with the Yoast SEO plugin v27.3 - https:\/\/yoast.com\/product\/yoast-seo-wordpress\/ -->\n<title>Main - Countrywide Process<\/title>\n<meta name=\"robots\" content=\"index, follow, max-snippet:-1, max-image-preview:large, max-video-preview:-1\" \/>\n<link rel=\"canonical\" href=\"https:\/\/countrywideprocess.com\/blog\/\" \/>\n<meta property=\"og:locale\" content=\"en_US\" \/>\n<meta property=\"og:type\" content=\"article\" \/>\n<meta property=\"og:title\" content=\"Main - Countrywide Process\" \/>\n<meta property=\"og:description\" content=\"Valutate la reputazione del sito, le condizioni dei bonus usabile degli utenti, la variet\u00e0 delle scommesse e dei mercati reperibili. &#8211; sia da desktop Resgat\u00e1veis independentemente 2 beneficios, s\u00e3o dicas claras de engajamento com retorno assegurado. &#8211; casino betano A navega\u00e7\u00e3o \u00e9 fluida, com design basado afin de facilitar o acesso a eventos esportivos. &#8211;...\" \/>\n<meta property=\"og:url\" content=\"https:\/\/countrywideprocess.com\/blog\/\" \/>\n<meta property=\"og:site_name\" content=\"Countrywide Process\" \/>\n<meta property=\"article:modified_time\" content=\"2025-09-05T20:32:27+00:00\" \/>\n<meta property=\"og:image\" content=\"https:\/\/countrywideprocess.com\/blog\/wp-content\/uploads\/2023\/09\/cropped-cp-logo-2.0-Final.jpg\" \/>\n\t<meta property=\"og:image:width\" content=\"1379\" \/>\n\t<meta property=\"og:image:height\" content=\"239\" \/>\n\t<meta property=\"og:image:type\" content=\"image\/jpeg\" \/>\n<meta name=\"twitter:card\" content=\"summary_large_image\" \/>\n<script type=\"application\/ld+json\" class=\"yoast-schema-graph\">{\"@context\":\"https:\\\/\\\/schema.org\",\"@graph\":[{\"@type\":\"WebPage\",\"@id\":\"https:\\\/\\\/countrywideprocess.com\\\/blog\\\/\",\"url\":\"https:\\\/\\\/countrywideprocess.com\\\/blog\\\/\",\"name\":\"Main - Countrywide Process\",\"isPartOf\":{\"@id\":\"https:\\\/\\\/countrywideprocess.com\\\/blog\\\/#website\"},\"datePublished\":\"2025-03-19T10:26:57+00:00\",\"dateModified\":\"2025-09-05T20:32:27+00:00\",\"breadcrumb\":{\"@id\":\"https:\\\/\\\/countrywideprocess.com\\\/blog\\\/#breadcrumb\"},\"inLanguage\":\"en-US\",\"potentialAction\":[{\"@type\":\"ReadAction\",\"target\":[\"https:\\\/\\\/countrywideprocess.com\\\/blog\\\/\"]}]},{\"@type\":\"BreadcrumbList\",\"@id\":\"https:\\\/\\\/countrywideprocess.com\\\/blog\\\/#breadcrumb\",\"itemListElement\":[{\"@type\":\"ListItem\",\"position\":1,\"name\":\"Home\",\"item\":\"https:\\\/\\\/countrywideprocess.com\\\/blog\\\/\"},{\"@type\":\"ListItem\",\"position\":2,\"name\":\"Main\"}]},{\"@type\":\"WebSite\",\"@id\":\"https:\\\/\\\/countrywideprocess.com\\\/blog\\\/#website\",\"url\":\"https:\\\/\\\/countrywideprocess.com\\\/blog\\\/\",\"name\":\"Countrywide Process\",\"description\":\"blog\",\"publisher\":{\"@id\":\"https:\\\/\\\/countrywideprocess.com\\\/blog\\\/#organization\"},\"alternateName\":\"Countrywide Process\",\"potentialAction\":[{\"@type\":\"SearchAction\",\"target\":{\"@type\":\"EntryPoint\",\"urlTemplate\":\"https:\\\/\\\/countrywideprocess.com\\\/blog\\\/?s={search_term_string}\"},\"query-input\":{\"@type\":\"PropertyValueSpecification\",\"valueRequired\":true,\"valueName\":\"search_term_string\"}}],\"inLanguage\":\"en-US\"},{\"@type\":\"Organization\",\"@id\":\"https:\\\/\\\/countrywideprocess.com\\\/blog\\\/#organization\",\"name\":\"Countrywide Process\",\"url\":\"https:\\\/\\\/countrywideprocess.com\\\/blog\\\/\",\"logo\":{\"@type\":\"ImageObject\",\"inLanguage\":\"en-US\",\"@id\":\"https:\\\/\\\/countrywideprocess.com\\\/blog\\\/#\\\/schema\\\/logo\\\/image\\\/\",\"url\":\"http:\\\/\\\/countrywideprocess.com\\\/blog\\\/wp-content\\\/uploads\\\/2023\\\/09\\\/cropped-cp-logo-2.0-Final.jpg\",\"contentUrl\":\"http:\\\/\\\/countrywideprocess.com\\\/blog\\\/wp-content\\\/uploads\\\/2023\\\/09\\\/cropped-cp-logo-2.0-Final.jpg\",\"width\":1379,\"height\":239,\"caption\":\"Countrywide Process\"},\"image\":{\"@id\":\"https:\\\/\\\/countrywideprocess.com\\\/blog\\\/#\\\/schema\\\/logo\\\/image\\\/\"}}]}<\/script>\n<!-- \/ Yoast SEO plugin. -->","yoast_head_json":{"title":"Main - Countrywide Process","robots":{"index":"index","follow":"follow","max-snippet":"max-snippet:-1","max-image-preview":"max-image-preview:large","max-video-preview":"max-video-preview:-1"},"canonical":"https:\/\/countrywideprocess.com\/blog\/","og_locale":"en_US","og_type":"article","og_title":"Main - Countrywide Process","og_description":"Valutate la reputazione del sito, le condizioni dei bonus usabile degli utenti, la variet\u00e0 delle scommesse e dei mercati reperibili. &#8211; sia da desktop Resgat\u00e1veis independentemente 2 beneficios, s\u00e3o dicas claras de engajamento com retorno assegurado. &#8211; casino betano A navega\u00e7\u00e3o \u00e9 fluida, com design basado afin de facilitar o acesso a eventos esportivos. &#8211;...","og_url":"https:\/\/countrywideprocess.com\/blog\/","og_site_name":"Countrywide Process","article_modified_time":"2025-09-05T20:32:27+00:00","og_image":[{"width":1379,"height":239,"url":"https:\/\/countrywideprocess.com\/blog\/wp-content\/uploads\/2023\/09\/cropped-cp-logo-2.0-Final.jpg","type":"image\/jpeg"}],"twitter_card":"summary_large_image","schema":{"@context":"https:\/\/schema.org","@graph":[{"@type":"WebPage","@id":"https:\/\/countrywideprocess.com\/blog\/","url":"https:\/\/countrywideprocess.com\/blog\/","name":"Main - Countrywide Process","isPartOf":{"@id":"https:\/\/countrywideprocess.com\/blog\/#website"},"datePublished":"2025-03-19T10:26:57+00:00","dateModified":"2025-09-05T20:32:27+00:00","breadcrumb":{"@id":"https:\/\/countrywideprocess.com\/blog\/#breadcrumb"},"inLanguage":"en-US","potentialAction":[{"@type":"ReadAction","target":["https:\/\/countrywideprocess.com\/blog\/"]}]},{"@type":"BreadcrumbList","@id":"https:\/\/countrywideprocess.com\/blog\/#breadcrumb","itemListElement":[{"@type":"ListItem","position":1,"name":"Home","item":"https:\/\/countrywideprocess.com\/blog\/"},{"@type":"ListItem","position":2,"name":"Main"}]},{"@type":"WebSite","@id":"https:\/\/countrywideprocess.com\/blog\/#website","url":"https:\/\/countrywideprocess.com\/blog\/","name":"Countrywide Process","description":"blog","publisher":{"@id":"https:\/\/countrywideprocess.com\/blog\/#organization"},"alternateName":"Countrywide Process","potentialAction":[{"@type":"SearchAction","target":{"@type":"EntryPoint","urlTemplate":"https:\/\/countrywideprocess.com\/blog\/?s={search_term_string}"},"query-input":{"@type":"PropertyValueSpecification","valueRequired":true,"valueName":"search_term_string"}}],"inLanguage":"en-US"},{"@type":"Organization","@id":"https:\/\/countrywideprocess.com\/blog\/#organization","name":"Countrywide Process","url":"https:\/\/countrywideprocess.com\/blog\/","logo":{"@type":"ImageObject","inLanguage":"en-US","@id":"https:\/\/countrywideprocess.com\/blog\/#\/schema\/logo\/image\/","url":"http:\/\/countrywideprocess.com\/blog\/wp-content\/uploads\/2023\/09\/cropped-cp-logo-2.0-Final.jpg","contentUrl":"http:\/\/countrywideprocess.com\/blog\/wp-content\/uploads\/2023\/09\/cropped-cp-logo-2.0-Final.jpg","width":1379,"height":239,"caption":"Countrywide Process"},"image":{"@id":"https:\/\/countrywideprocess.com\/blog\/#\/schema\/logo\/image\/"}}]}},"_links":{"self":[{"href":"https:\/\/countrywideprocess.com\/blog\/wp-json\/wp\/v2\/pages\/1237","targetHints":{"allow":["GET"]}}],"collection":[{"href":"https:\/\/countrywideprocess.com\/blog\/wp-json\/wp\/v2\/pages"}],"about":[{"href":"https:\/\/countrywideprocess.com\/blog\/wp-json\/wp\/v2\/types\/page"}],"author":[{"embeddable":true,"href":"https:\/\/countrywideprocess.com\/blog\/wp-json\/wp\/v2\/users\/1"}],"replies":[{"embeddable":true,"href":"https:\/\/countrywideprocess.com\/blog\/wp-json\/wp\/v2\/comments?post=1237"}],"version-history":[{"count":2,"href":"https:\/\/countrywideprocess.com\/blog\/wp-json\/wp\/v2\/pages\/1237\/revisions"}],"predecessor-version":[{"id":1972,"href":"https:\/\/countrywideprocess.com\/blog\/wp-json\/wp\/v2\/pages\/1237\/revisions\/1972"}],"wp:attachment":[{"href":"https:\/\/countrywideprocess.com\/blog\/wp-json\/wp\/v2\/media?parent=1237"}],"curies":[{"name":"wp","href":"https:\/\/api.w.org\/{rel}","templated":true}]}}